{"id":168,"date":"2024-04-14T01:23:41","date_gmt":"2024-04-14T01:23:41","guid":{"rendered":"https:\/\/vric.com.mx\/?page_id=168"},"modified":"2026-04-10T20:03:33","modified_gmt":"2026-04-10T20:03:33","slug":"nosotros","status":"publish","type":"page","link":"https:\/\/vric.com.mx\/index.php\/home\/nosotros\/","title":{"rendered":"Nosotros"},"content":{"rendered":"\t\t<div data-elementor-type=\"wp-page\" data-elementor-id=\"168\" class=\"elementor elementor-168\" data-elementor-post-type=\"page\">\n\t\t\t\t<div class=\"elementor-element elementor-element-4a2b2740 e-con-full e-flex e-con e-parent\" data-id=\"4a2b2740\" data-element_type=\"container\" data-e-type=\"container\" data-settings=\"{&quot;background_background&quot;:&quot;classic&quot;,&quot;shape_divider_bottom&quot;:&quot;triangle-asymmetrical&quot;}\">\n\t\t\t\t<div class=\"elementor-shape elementor-shape-bottom\" aria-hidden=\"true\" data-negative=\"false\">\n\t\t\t<svg xmlns=\"http:\/\/www.w3.org\/2000\/svg\" viewBox=\"0 0 1000 100\" preserveAspectRatio=\"none\">\n\t<path class=\"elementor-shape-fill\" d=\"M738,99l262-93V0H0v5.6L738,99z\"\/>\n<\/svg>\t\t<\/div>\n\t\t<div class=\"elementor-element elementor-element-59abc8b5 e-con-full e-flex e-con e-child\" data-id=\"59abc8b5\" data-element_type=\"container\" data-e-type=\"container\" data-settings=\"{&quot;background_background&quot;:&quot;classic&quot;}\">\n\t\t\t\t<\/div>\n\t\t<div class=\"elementor-element elementor-element-6d4514f3 e-con-full e-flex e-con e-child\" data-id=\"6d4514f3\" data-element_type=\"container\" data-e-type=\"container\">\n\t\t\t\t<div class=\"elementor-element elementor-element-3fe20a14 e-transform e-transform elementor-widget elementor-widget-heading\" data-id=\"3fe20a14\" data-element_type=\"widget\" data-e-type=\"widget\" data-settings=\"{&quot;_transform_flipX_effect&quot;:&quot;transform&quot;,&quot;_transform_flipY_effect&quot;:&quot;transform&quot;}\" data-widget_type=\"heading.default\">\n\t\t\t\t<div class=\"elementor-widget-container\">\n\t\t\t\t\t<h2 class=\"elementor-heading-title elementor-size-default\">,,<\/h2>\t\t\t\t<\/div>\n\t\t\t\t<\/div>\n\t\t\t\t<div class=\"elementor-element elementor-element-2005f29 elementor-widget elementor-widget-testimonial\" data-id=\"2005f29\" data-element_type=\"widget\" data-e-type=\"widget\" data-widget_type=\"testimonial.default\">\n\t\t\t\t<div class=\"elementor-widget-container\">\n\t\t\t\t\t\t\t<div class=\"elementor-testimonial-wrapper\">\n\t\t\t\t\t\t\t<div class=\"elementor-testimonial-content\">Conoce nuestra historia y pasi\u00f3n<\/div>\n\t\t\t\n\t\t\t\t\t<\/div>\n\t\t\t\t\t\t<\/div>\n\t\t\t\t<\/div>\n\t\t\t\t<\/div>\n\t\t\t\t<\/div>\n\t\t<div class=\"elementor-element elementor-element-dc2f952 e-flex e-con-boxed e-con e-parent\" data-id=\"dc2f952\" data-element_type=\"container\" data-e-type=\"container\" data-settings=\"{&quot;background_background&quot;:&quot;classic&quot;,&quot;shape_divider_top&quot;:&quot;triangle-asymmetrical&quot;}\">\n\t\t\t\t\t<div class=\"e-con-inner\">\n\t\t\t\t<div class=\"elementor-shape elementor-shape-top\" aria-hidden=\"true\" data-negative=\"false\">\n\t\t\t<svg xmlns=\"http:\/\/www.w3.org\/2000\/svg\" viewBox=\"0 0 1000 100\" preserveAspectRatio=\"none\">\n\t<path class=\"elementor-shape-fill\" d=\"M738,99l262-93V0H0v5.6L738,99z\"\/>\n<\/svg>\t\t<\/div>\n\t\t<div class=\"elementor-element elementor-element-f368c76 e-flex e-con-boxed e-con e-child\" data-id=\"f368c76\" data-element_type=\"container\" data-e-type=\"container\">\n\t\t\t\t\t<div class=\"e-con-inner\">\n\t\t\t\t<div class=\"elementor-element elementor-element-bf7db92 animated-slow elementor-invisible elementor-widget elementor-widget-heading\" data-id=\"bf7db92\" data-element_type=\"widget\" data-e-type=\"widget\" data-settings=\"{&quot;_animation&quot;:&quot;slideInUp&quot;}\" data-widget_type=\"heading.default\">\n\t\t\t\t<div class=\"elementor-widget-container\">\n\t\t\t\t\t<h2 class=\"elementor-heading-title elementor-size-default\">Que es <\/h2>\t\t\t\t<\/div>\n\t\t\t\t<\/div>\n\t\t\t\t<div class=\"elementor-element elementor-element-4eb8320 animated-slow elementor-invisible elementor-widget elementor-widget-heading\" data-id=\"4eb8320\" data-element_type=\"widget\" data-e-type=\"widget\" data-settings=\"{&quot;_animation&quot;:&quot;slideInUp&quot;}\" data-widget_type=\"heading.default\">\n\t\t\t\t<div class=\"elementor-widget-container\">\n\t\t\t\t\t<h2 class=\"elementor-heading-title elementor-size-default\">VRIC<\/h2>\t\t\t\t<\/div>\n\t\t\t\t<\/div>\n\t\t\t\t<div class=\"elementor-element elementor-element-fe7c5b5 elementor-widget elementor-widget-text-editor\" data-id=\"fe7c5b5\" data-element_type=\"widget\" data-e-type=\"widget\" data-widget_type=\"text-editor.default\">\n\t\t\t\t<div class=\"elementor-widget-container\">\n\t\t\t\t\t\t\t\t\t<p>Te invitamos a conocer el alma de nuestra agencia. Somos un equipo apasionado y comprometido con la excelencia en el dise\u00f1o y la creatividad. Con 15 a\u00f1os de experiencia en el ramo, hemos construido una reputaci\u00f3n s\u00f3lida basada en la innovaci\u00f3n, la calidad y la atenci\u00f3n al detalle. Nuestra misi\u00f3n es transformar ideas en realidades impactantes, superando las expectativas de nuestros clientes en cada proyecto. Conoce m\u00e1s sobre nuestro equipo, nuestros valores y nuestra visi\u00f3n para el futuro. \u00a1Bienvenido a nuestra historia de \u00e9xito!<\/p>\t\t\t\t\t\t\t\t<\/div>\n\t\t\t\t<\/div>\n\t\t\t\t\t<\/div>\n\t\t\t\t<\/div>\n\t\t<div class=\"elementor-element elementor-element-f84d561 e-con-full e-flex e-con e-child\" data-id=\"f84d561\" data-element_type=\"container\" data-e-type=\"container\">\n\t\t<div class=\"elementor-element elementor-element-f4498e8 e-con-full e-flex e-con e-child\" data-id=\"f4498e8\" data-element_type=\"container\" data-e-type=\"container\">\n\t\t\t\t<div class=\"elementor-element elementor-element-9a11d12 elementor-widget__width-inherit elementor-widget-divider--view-line elementor-widget elementor-widget-divider\" data-id=\"9a11d12\" data-element_type=\"widget\" data-e-type=\"widget\" data-widget_type=\"divider.default\">\n\t\t\t\t<div class=\"elementor-widget-container\">\n\t\t\t\t\t\t\t<div class=\"elementor-divider\">\n\t\t\t<span class=\"elementor-divider-separator\">\n\t\t\t\t\t\t<\/span>\n\t\t<\/div>\n\t\t\t\t\t\t<\/div>\n\t\t\t\t<\/div>\n\t\t\t\t<div class=\"elementor-element elementor-element-7840c42 elementor-widget elementor-widget-heading\" data-id=\"7840c42\" data-element_type=\"widget\" data-e-type=\"widget\" data-widget_type=\"heading.default\">\n\t\t\t\t<div class=\"elementor-widget-container\">\n\t\t\t\t\t<h3 class=\"elementor-heading-title elementor-size-default\">MISI\u00d3N<\/h3>\t\t\t\t<\/div>\n\t\t\t\t<\/div>\n\t\t\t\t<div class=\"elementor-element elementor-element-0d05838 elementor-widget elementor-widget-text-editor\" data-id=\"0d05838\" data-element_type=\"widget\" data-e-type=\"widget\" data-widget_type=\"text-editor.default\">\n\t\t\t\t<div class=\"elementor-widget-container\">\n\t\t\t\t\t\t\t\t\t<p style=\"text-align: center;\">Impulsar el \u00e9xito de nuestros clientes a trav\u00e9s de soluciones creativas y de alta calidad en dise\u00f1o, publicidad y marketing. Nos esforzamos por ser l\u00edderes en la industria, generando impacto positivo y experiencias memorables para las marcas que servimos.<\/p>\t\t\t\t\t\t\t\t<\/div>\n\t\t\t\t<\/div>\n\t\t\t\t<\/div>\n\t\t<div class=\"elementor-element elementor-element-fc2344d e-con-full e-flex e-con e-child\" data-id=\"fc2344d\" data-element_type=\"container\" data-e-type=\"container\">\n\t\t\t\t<div class=\"elementor-element elementor-element-40bd12a elementor-widget__width-inherit elementor-widget-divider--view-line elementor-widget elementor-widget-divider\" data-id=\"40bd12a\" data-element_type=\"widget\" data-e-type=\"widget\" data-widget_type=\"divider.default\">\n\t\t\t\t<div class=\"elementor-widget-container\">\n\t\t\t\t\t\t\t<div class=\"elementor-divider\">\n\t\t\t<span class=\"elementor-divider-separator\">\n\t\t\t\t\t\t<\/span>\n\t\t<\/div>\n\t\t\t\t\t\t<\/div>\n\t\t\t\t<\/div>\n\t\t\t\t<div class=\"elementor-element elementor-element-020d757 elementor-widget elementor-widget-heading\" data-id=\"020d757\" data-element_type=\"widget\" data-e-type=\"widget\" data-widget_type=\"heading.default\">\n\t\t\t\t<div class=\"elementor-widget-container\">\n\t\t\t\t\t<h3 class=\"elementor-heading-title elementor-size-default\">VISI\u00d3N<\/h3>\t\t\t\t<\/div>\n\t\t\t\t<\/div>\n\t\t\t\t<div class=\"elementor-element elementor-element-fda4d4e elementor-widget elementor-widget-text-editor\" data-id=\"fda4d4e\" data-element_type=\"widget\" data-e-type=\"widget\" data-widget_type=\"text-editor.default\">\n\t\t\t\t<div class=\"elementor-widget-container\">\n\t\t\t\t\t\t\t\t\t<p style=\"text-align: center;\">Ser reconocidos como un referente en la industria del dise\u00f1o, la publicidad y el marketing, destacando por nuestra innovaci\u00f3n, calidad y compromiso con la excelencia. Buscamos inspirar y transformar marcas, creando experiencias impactantes que perduren en el tiempo y generen un impacto positivo en la sociedad.<\/p>\t\t\t\t\t\t\t\t<\/div>\n\t\t\t\t<\/div>\n\t\t\t\t<\/div>\n\t\t<div class=\"elementor-element elementor-element-c832b50 e-con-full e-flex e-con e-child\" data-id=\"c832b50\" data-element_type=\"container\" data-e-type=\"container\">\n\t\t\t\t<div class=\"elementor-element elementor-element-b6dcb86 elementor-widget__width-inherit elementor-widget-divider--view-line elementor-widget elementor-widget-divider\" data-id=\"b6dcb86\" data-element_type=\"widget\" data-e-type=\"widget\" data-widget_type=\"divider.default\">\n\t\t\t\t<div class=\"elementor-widget-container\">\n\t\t\t\t\t\t\t<div class=\"elementor-divider\">\n\t\t\t<span class=\"elementor-divider-separator\">\n\t\t\t\t\t\t<\/span>\n\t\t<\/div>\n\t\t\t\t\t\t<\/div>\n\t\t\t\t<\/div>\n\t\t\t\t<div class=\"elementor-element elementor-element-97ffc1d elementor-widget elementor-widget-heading\" data-id=\"97ffc1d\" data-element_type=\"widget\" data-e-type=\"widget\" data-widget_type=\"heading.default\">\n\t\t\t\t<div class=\"elementor-widget-container\">\n\t\t\t\t\t<h3 class=\"elementor-heading-title elementor-size-default\">POL\u00cdTICA<\/h3>\t\t\t\t<\/div>\n\t\t\t\t<\/div>\n\t\t\t\t<div class=\"elementor-element elementor-element-c371a2b elementor-widget elementor-widget-text-editor\" data-id=\"c371a2b\" data-element_type=\"widget\" data-e-type=\"widget\" data-widget_type=\"text-editor.default\">\n\t\t\t\t<div class=\"elementor-widget-container\">\n\t\t\t\t\t\t\t\t\t<p style=\"text-align: center;\">Buscamos construir relaciones s\u00f3lidas basadas en la confianza, el respeto y la transparencia, garantizando el \u00e9xito y la satisfacci\u00f3n de quienes conf\u00edan en nosotros.<\/p>\t\t\t\t\t\t\t\t<\/div>\n\t\t\t\t<\/div>\n\t\t\t\t<\/div>\n\t\t\t\t<\/div>\n\t\t\t\t\t<\/div>\n\t\t\t\t<\/div>\n\t\t<div class=\"elementor-element elementor-element-3c103e1b e-flex e-con-boxed e-con e-parent\" data-id=\"3c103e1b\" data-element_type=\"container\" data-e-type=\"container\" data-settings=\"{&quot;background_background&quot;:&quot;classic&quot;}\">\n\t\t\t\t\t<div class=\"e-con-inner\">\n\t\t<div class=\"elementor-element elementor-element-8804912 e-con-full e-flex e-con e-child\" data-id=\"8804912\" data-element_type=\"container\" data-e-type=\"container\">\n\t\t\t\t<div class=\"elementor-element elementor-element-39882fe1 animated-slow elementor-invisible elementor-widget elementor-widget-heading\" data-id=\"39882fe1\" data-element_type=\"widget\" data-e-type=\"widget\" data-settings=\"{&quot;_animation&quot;:&quot;slideInUp&quot;}\" data-widget_type=\"heading.default\">\n\t\t\t\t<div class=\"elementor-widget-container\">\n\t\t\t\t\t<h2 class=\"elementor-heading-title elementor-size-default\">Somos tu opcion en Noroeste <\/h2>\t\t\t\t<\/div>\n\t\t\t\t<\/div>\n\t\t\t\t<div class=\"elementor-element elementor-element-4eaac9f4 animated-slow elementor-invisible elementor-widget elementor-widget-heading\" data-id=\"4eaac9f4\" data-element_type=\"widget\" data-e-type=\"widget\" data-settings=\"{&quot;_animation&quot;:&quot;slideInUp&quot;}\" data-widget_type=\"heading.default\">\n\t\t\t\t<div class=\"elementor-widget-container\">\n\t\t\t\t\t<h2 class=\"elementor-heading-title elementor-size-default\">Nuestras oficinas<\/h2>\t\t\t\t<\/div>\n\t\t\t\t<\/div>\n\t\t<div class=\"elementor-element elementor-element-22abd54b e-con-full e-flex e-con e-child\" data-id=\"22abd54b\" data-element_type=\"container\" data-e-type=\"container\">\n\t\t\t\t<div class=\"elementor-element elementor-element-346bd4ce elementor-widget__width-initial elementor-widget-tablet__width-inherit elementor-widget elementor-widget-icon-box\" data-id=\"346bd4ce\" data-element_type=\"widget\" data-e-type=\"widget\" data-widget_type=\"icon-box.default\">\n\t\t\t\t<div class=\"elementor-widget-container\">\n\t\t\t\t\t\t\t<div class=\"elementor-icon-box-wrapper\">\n\n\t\t\t\n\t\t\t\t\t\t<div class=\"elementor-icon-box-content\">\n\n\t\t\t\t\t\t\t\t\t<h3 class=\"elementor-icon-box-title\">\n\t\t\t\t\t\t<span  >\n\t\t\t\t\t\t\tCuliacan, sin. (Matriz)\t\t\t\t\t\t<\/span>\n\t\t\t\t\t<\/h3>\n\t\t\t\t\n\t\t\t\t\t\t\t\t\t<p class=\"elementor-icon-box-description\">\n\t\t\t\t\t\tOficina matriz, Taller y Equipos de trabajo\t\t\t\t\t<\/p>\n\t\t\t\t\n\t\t\t<\/div>\n\t\t\t\n\t\t<\/div>\n\t\t\t\t\t\t<\/div>\n\t\t\t\t<\/div>\n\t\t\t\t<div class=\"elementor-element elementor-element-636f930e elementor-widget__width-initial elementor-widget-tablet__width-inherit elementor-widget elementor-widget-icon-box\" data-id=\"636f930e\" data-element_type=\"widget\" data-e-type=\"widget\" data-widget_type=\"icon-box.default\">\n\t\t\t\t<div class=\"elementor-widget-container\">\n\t\t\t\t\t\t\t<div class=\"elementor-icon-box-wrapper\">\n\n\t\t\t\n\t\t\t\t\t\t<div class=\"elementor-icon-box-content\">\n\n\t\t\t\t\t\t\t\t\t<h3 class=\"elementor-icon-box-title\">\n\t\t\t\t\t\t<span  >\n\t\t\t\t\t\t\tchihuahua, chih.\t\t\t\t\t\t<\/span>\n\t\t\t\t\t<\/h3>\n\t\t\t\t\n\t\t\t\t\t\t\t\t\t<p class=\"elementor-icon-box-description\">\n\t\t\t\t\t\tTaller y Equipos de trabajo\t\t\t\t\t<\/p>\n\t\t\t\t\n\t\t\t<\/div>\n\t\t\t\n\t\t<\/div>\n\t\t\t\t\t\t<\/div>\n\t\t\t\t<\/div>\n\t\t\t\t<div class=\"elementor-element elementor-element-4036dfd elementor-widget__width-initial elementor-widget-tablet__width-inherit elementor-widget elementor-widget-icon-box\" data-id=\"4036dfd\" data-element_type=\"widget\" data-e-type=\"widget\" data-widget_type=\"icon-box.default\">\n\t\t\t\t<div class=\"elementor-widget-container\">\n\t\t\t\t\t\t\t<div class=\"elementor-icon-box-wrapper\">\n\n\t\t\t\n\t\t\t\t\t\t<div class=\"elementor-icon-box-content\">\n\n\t\t\t\t\t\t\t\t\t<h3 class=\"elementor-icon-box-title\">\n\t\t\t\t\t\t<span  >\n\t\t\t\t\t\t\tTijuana, b.c.\t\t\t\t\t\t<\/span>\n\t\t\t\t\t<\/h3>\n\t\t\t\t\n\t\t\t\t\t\t\t\t\t<p class=\"elementor-icon-box-description\">\n\t\t\t\t\t\tEquipos de trabajo\t\t\t\t\t<\/p>\n\t\t\t\t\n\t\t\t<\/div>\n\t\t\t\n\t\t<\/div>\n\t\t\t\t\t\t<\/div>\n\t\t\t\t<\/div>\n\t\t\t\t<div class=\"elementor-element elementor-element-711d415 elementor-widget__width-initial elementor-widget-tablet__width-inherit elementor-widget elementor-widget-icon-box\" data-id=\"711d415\" data-element_type=\"widget\" data-e-type=\"widget\" data-widget_type=\"icon-box.default\">\n\t\t\t\t<div class=\"elementor-widget-container\">\n\t\t\t\t\t\t\t<div class=\"elementor-icon-box-wrapper\">\n\n\t\t\t\n\t\t\t\t\t\t<div class=\"elementor-icon-box-content\">\n\n\t\t\t\t\t\t\t\t\t<h3 class=\"elementor-icon-box-title\">\n\t\t\t\t\t\t<span  >\n\t\t\t\t\t\t\tlOS mOCHIS, sIN.\t\t\t\t\t\t<\/span>\n\t\t\t\t\t<\/h3>\n\t\t\t\t\n\t\t\t\t\t\t\t\t\t<p class=\"elementor-icon-box-description\">\n\t\t\t\t\t\tEquipos de trabajo\t\t\t\t\t<\/p>\n\t\t\t\t\n\t\t\t<\/div>\n\t\t\t\n\t\t<\/div>\n\t\t\t\t\t\t<\/div>\n\t\t\t\t<\/div>\n\t\t\t\t<\/div>\n\t\t\t\t<\/div>\n\t\t\t\t\t<\/div>\n\t\t\t\t<\/div>\n\t\t<div class=\"elementor-element elementor-element-377c44bc e-con-full e-flex e-con e-parent\" data-id=\"377c44bc\" data-element_type=\"container\" data-e-type=\"container\" data-settings=\"{&quot;background_background&quot;:&quot;classic&quot;}\">\n\t\t<div class=\"elementor-element elementor-element-4d0178df e-flex e-con-boxed e-con e-child\" data-id=\"4d0178df\" data-element_type=\"container\" data-e-type=\"container\">\n\t\t\t\t\t<div class=\"e-con-inner\">\n\t\t\t\t<div class=\"elementor-element elementor-element-4fe21683 elementor-widget elementor-widget-heading\" data-id=\"4fe21683\" data-element_type=\"widget\" data-e-type=\"widget\" data-widget_type=\"heading.default\">\n\t\t\t\t<div class=\"elementor-widget-container\">\n\t\t\t\t\t<p class=\"elementor-heading-title elementor-size-default\">CONOCE AL EQUIPO<\/p>\t\t\t\t<\/div>\n\t\t\t\t<\/div>\n\t\t\t\t<div class=\"elementor-element elementor-element-3e2a2752 elementor-widget elementor-widget-heading\" data-id=\"3e2a2752\" data-element_type=\"widget\" data-e-type=\"widget\" data-widget_type=\"heading.default\">\n\t\t\t\t<div class=\"elementor-widget-container\">\n\t\t\t\t\t<h2 class=\"elementor-heading-title elementor-size-default\">Quienes hacen la magia<\/h2>\t\t\t\t<\/div>\n\t\t\t\t<\/div>\n\t\t\t\t\t<\/div>\n\t\t\t\t<\/div>\n\t\t<div class=\"elementor-element elementor-element-585d16db e-flex e-con-boxed e-con e-child\" data-id=\"585d16db\" data-element_type=\"container\" data-e-type=\"container\">\n\t\t\t\t\t<div class=\"e-con-inner\">\n\t\t\t\t<div class=\"elementor-element elementor-element-5218fe54 elementor-widget-tablet__width-initial elementor-invisible elementor-widget elementor-widget-image\" data-id=\"5218fe54\" data-element_type=\"widget\" data-e-type=\"widget\" data-settings=\"{&quot;_animation&quot;:&quot;fadeInUp&quot;,&quot;_animation_mobile&quot;:&quot;fadeIn&quot;,&quot;_animation_delay&quot;:400}\" data-widget_type=\"image.default\">\n\t\t\t\t<div class=\"elementor-widget-container\">\n\t\t\t\t\t\t\t\t\t\t\t\t\t\t\t\t<a href=\"https:\/\/vric.com.mx\/wp-content\/uploads\/2025\/01\/WhatsApp-Image-2025-01-06-at-7.19.07-AM.jpeg\" data-elementor-open-lightbox=\"no\">\n\t\t\t\t\t\t\t<img fetchpriority=\"high\" decoding=\"async\" width=\"679\" height=\"1024\" src=\"https:\/\/vric.com.mx\/wp-content\/uploads\/2025\/01\/WhatsApp-Image-2025-01-06-at-7.19.07-AM-679x1024.jpeg\" class=\"attachment-large size-large wp-image-433\" alt=\"\" srcset=\"https:\/\/vric.com.mx\/wp-content\/uploads\/2025\/01\/WhatsApp-Image-2025-01-06-at-7.19.07-AM-679x1024.jpeg 679w, https:\/\/vric.com.mx\/wp-content\/uploads\/2025\/01\/WhatsApp-Image-2025-01-06-at-7.19.07-AM-199x300.jpeg 199w, https:\/\/vric.com.mx\/wp-content\/uploads\/2025\/01\/WhatsApp-Image-2025-01-06-at-7.19.07-AM-768x1158.jpeg 768w, https:\/\/vric.com.mx\/wp-content\/uploads\/2025\/01\/WhatsApp-Image-2025-01-06-at-7.19.07-AM.jpeg 803w\" sizes=\"(max-width: 679px) 100vw, 679px\" \/>\t\t\t\t\t\t\t\t<\/a>\n\t\t\t\t\t\t\t\t\t\t\t\t\t\t\t<\/div>\n\t\t\t\t<\/div>\n\t\t\t\t<div class=\"elementor-element elementor-element-2e434d9d elementor-widget-tablet__width-initial elementor-invisible elementor-widget elementor-widget-image\" data-id=\"2e434d9d\" data-element_type=\"widget\" data-e-type=\"widget\" data-settings=\"{&quot;_animation_mobile&quot;:&quot;fadeIn&quot;,&quot;_animation_delay&quot;:200,&quot;_animation&quot;:&quot;fadeInUp&quot;}\" data-widget_type=\"image.default\">\n\t\t\t\t<div class=\"elementor-widget-container\">\n\t\t\t\t\t\t\t\t\t\t\t\t\t\t\t\t<a href=\"https:\/\/vric.com.mx\/wp-content\/uploads\/2025\/01\/WhatsApp-Image-2025-01-06-at-7.19.07-AM-1.jpeg\" data-elementor-open-lightbox=\"no\">\n\t\t\t\t\t\t\t<img decoding=\"async\" width=\"679\" height=\"1024\" src=\"https:\/\/vric.com.mx\/wp-content\/uploads\/2025\/01\/WhatsApp-Image-2025-01-06-at-7.19.07-AM-1-679x1024.jpeg\" class=\"attachment-large size-large wp-image-437\" alt=\"\" srcset=\"https:\/\/vric.com.mx\/wp-content\/uploads\/2025\/01\/WhatsApp-Image-2025-01-06-at-7.19.07-AM-1-679x1024.jpeg 679w, https:\/\/vric.com.mx\/wp-content\/uploads\/2025\/01\/WhatsApp-Image-2025-01-06-at-7.19.07-AM-1-199x300.jpeg 199w, https:\/\/vric.com.mx\/wp-content\/uploads\/2025\/01\/WhatsApp-Image-2025-01-06-at-7.19.07-AM-1-768x1158.jpeg 768w, https:\/\/vric.com.mx\/wp-content\/uploads\/2025\/01\/WhatsApp-Image-2025-01-06-at-7.19.07-AM-1.jpeg 803w\" sizes=\"(max-width: 679px) 100vw, 679px\" \/>\t\t\t\t\t\t\t\t<\/a>\n\t\t\t\t\t\t\t\t\t\t\t\t\t\t\t<\/div>\n\t\t\t\t<\/div>\n\t\t\t\t<div class=\"elementor-element elementor-element-67ff9d60 elementor-widget-tablet__width-initial elementor-invisible elementor-widget elementor-widget-image\" data-id=\"67ff9d60\" data-element_type=\"widget\" data-e-type=\"widget\" data-settings=\"{&quot;_animation_mobile&quot;:&quot;fadeIn&quot;,&quot;_animation_delay&quot;:&quot;200&quot;,&quot;_animation&quot;:&quot;fadeInUp&quot;}\" data-widget_type=\"image.default\">\n\t\t\t\t<div class=\"elementor-widget-container\">\n\t\t\t\t\t\t\t\t\t\t\t\t\t\t\t\t<a href=\"https:\/\/vric.com.mx\/wp-content\/uploads\/2025\/01\/WhatsApp-Image-2025-01-06-at-7.19.07-AM-3.jpeg\" data-elementor-open-lightbox=\"no\">\n\t\t\t\t\t\t\t<img decoding=\"async\" width=\"679\" height=\"1024\" src=\"https:\/\/vric.com.mx\/wp-content\/uploads\/2025\/01\/WhatsApp-Image-2025-01-06-at-7.19.07-AM-3-679x1024.jpeg\" class=\"attachment-large size-large wp-image-435\" alt=\"\" srcset=\"https:\/\/vric.com.mx\/wp-content\/uploads\/2025\/01\/WhatsApp-Image-2025-01-06-at-7.19.07-AM-3-679x1024.jpeg 679w, https:\/\/vric.com.mx\/wp-content\/uploads\/2025\/01\/WhatsApp-Image-2025-01-06-at-7.19.07-AM-3-199x300.jpeg 199w, https:\/\/vric.com.mx\/wp-content\/uploads\/2025\/01\/WhatsApp-Image-2025-01-06-at-7.19.07-AM-3-768x1158.jpeg 768w, https:\/\/vric.com.mx\/wp-content\/uploads\/2025\/01\/WhatsApp-Image-2025-01-06-at-7.19.07-AM-3.jpeg 803w\" sizes=\"(max-width: 679px) 100vw, 679px\" \/>\t\t\t\t\t\t\t\t<\/a>\n\t\t\t\t\t\t\t\t\t\t\t\t\t\t\t<\/div>\n\t\t\t\t<\/div>\n\t\t\t\t<div class=\"elementor-element elementor-element-51c6b98 elementor-widget-tablet__width-initial elementor-invisible elementor-widget elementor-widget-image\" data-id=\"51c6b98\" data-element_type=\"widget\" data-e-type=\"widget\" data-settings=\"{&quot;_animation&quot;:&quot;fadeInUp&quot;,&quot;_animation_mobile&quot;:&quot;fadeIn&quot;,&quot;_animation_delay&quot;:200}\" data-widget_type=\"image.default\">\n\t\t\t\t<div class=\"elementor-widget-container\">\n\t\t\t\t\t\t\t\t\t\t\t\t\t\t\t\t<a href=\"https:\/\/vric.com.mx\/wp-content\/uploads\/2025\/01\/WhatsApp-Image-2025-01-06-at-7.19.07-AM-2.jpeg\" data-elementor-open-lightbox=\"no\">\n\t\t\t\t\t\t\t<img loading=\"lazy\" decoding=\"async\" width=\"679\" height=\"1024\" src=\"https:\/\/vric.com.mx\/wp-content\/uploads\/2025\/01\/WhatsApp-Image-2025-01-06-at-7.19.07-AM-2-679x1024.jpeg\" class=\"attachment-large size-large wp-image-436\" alt=\"\" srcset=\"https:\/\/vric.com.mx\/wp-content\/uploads\/2025\/01\/WhatsApp-Image-2025-01-06-at-7.19.07-AM-2-679x1024.jpeg 679w, https:\/\/vric.com.mx\/wp-content\/uploads\/2025\/01\/WhatsApp-Image-2025-01-06-at-7.19.07-AM-2-199x300.jpeg 199w, https:\/\/vric.com.mx\/wp-content\/uploads\/2025\/01\/WhatsApp-Image-2025-01-06-at-7.19.07-AM-2-768x1158.jpeg 768w, https:\/\/vric.com.mx\/wp-content\/uploads\/2025\/01\/WhatsApp-Image-2025-01-06-at-7.19.07-AM-2.jpeg 803w\" sizes=\"(max-width: 679px) 100vw, 679px\" \/>\t\t\t\t\t\t\t\t<\/a>\n\t\t\t\t\t\t\t\t\t\t\t\t\t\t\t<\/div>\n\t\t\t\t<\/div>\n\t\t\t\t<div class=\"elementor-element elementor-element-82c0cbf elementor-widget-tablet__width-initial elementor-invisible elementor-widget elementor-widget-image\" data-id=\"82c0cbf\" data-element_type=\"widget\" data-e-type=\"widget\" data-settings=\"{&quot;_animation&quot;:&quot;fadeInUp&quot;,&quot;_animation_mobile&quot;:&quot;fadeIn&quot;,&quot;_animation_delay&quot;:400}\" data-widget_type=\"image.default\">\n\t\t\t\t<div class=\"elementor-widget-container\">\n\t\t\t\t\t\t\t\t\t\t\t\t\t\t\t\t<a href=\"https:\/\/vric.com.mx\/wp-content\/uploads\/2025\/01\/WhatsApp-Image-2025-01-06-at-7.19.07-AM-4.jpeg\" data-elementor-open-lightbox=\"no\">\n\t\t\t\t\t\t\t<img loading=\"lazy\" decoding=\"async\" width=\"679\" height=\"1024\" src=\"https:\/\/vric.com.mx\/wp-content\/uploads\/2025\/01\/WhatsApp-Image-2025-01-06-at-7.19.07-AM-4-679x1024.jpeg\" class=\"attachment-large size-large wp-image-434\" alt=\"\" srcset=\"https:\/\/vric.com.mx\/wp-content\/uploads\/2025\/01\/WhatsApp-Image-2025-01-06-at-7.19.07-AM-4-679x1024.jpeg 679w, https:\/\/vric.com.mx\/wp-content\/uploads\/2025\/01\/WhatsApp-Image-2025-01-06-at-7.19.07-AM-4-199x300.jpeg 199w, https:\/\/vric.com.mx\/wp-content\/uploads\/2025\/01\/WhatsApp-Image-2025-01-06-at-7.19.07-AM-4-768x1158.jpeg 768w, https:\/\/vric.com.mx\/wp-content\/uploads\/2025\/01\/WhatsApp-Image-2025-01-06-at-7.19.07-AM-4.jpeg 803w\" sizes=\"(max-width: 679px) 100vw, 679px\" \/>\t\t\t\t\t\t\t\t<\/a>\n\t\t\t\t\t\t\t\t\t\t\t\t\t\t\t<\/div>\n\t\t\t\t<\/div>\n\t\t\t\t\t<\/div>\n\t\t\t\t<\/div>\n\t\t\t\t<\/div>\n\t\t\t\t<\/div>\n\t\t","protected":false},"excerpt":{"rendered":"<p>,, Conoce nuestra historia y pasi\u00f3n Que es VRIC Te invitamos a conocer el alma de nuestra agencia. Somos un equipo apasionado y comprometido con la excelencia en el dise\u00f1o y la creatividad. Con 15 a\u00f1os de experiencia en el ramo, hemos construido una reputaci\u00f3n s\u00f3lida basada en la innovaci\u00f3n, la calidad y la atenci\u00f3n [&hellip;]<\/p>\n","protected":false},"author":1,"featured_media":0,"parent":53,"menu_order":0,"comment_status":"closed","ping_status":"closed","template":"","meta":{"footnotes":""},"class_list":["post-168","page","type-page","status-publish","hentry"],"_links":{"self":[{"href":"https:\/\/vric.com.mx\/index.php\/wp-json\/wp\/v2\/pages\/168","targetHints":{"allow":["GET"]}}],"collection":[{"href":"https:\/\/vric.com.mx\/index.php\/wp-json\/wp\/v2\/pages"}],"about":[{"href":"https:\/\/vric.com.mx\/index.php\/wp-json\/wp\/v2\/types\/page"}],"author":[{"embeddable":true,"href":"https:\/\/vric.com.mx\/index.php\/wp-json\/wp\/v2\/users\/1"}],"replies":[{"embeddable":true,"href":"https:\/\/vric.com.mx\/index.php\/wp-json\/wp\/v2\/comments?post=168"}],"version-history":[{"count":22,"href":"https:\/\/vric.com.mx\/index.php\/wp-json\/wp\/v2\/pages\/168\/revisions"}],"predecessor-version":[{"id":489,"href":"https:\/\/vric.com.mx\/index.php\/wp-json\/wp\/v2\/pages\/168\/revisions\/489"}],"up":[{"embeddable":true,"href":"https:\/\/vric.com.mx\/index.php\/wp-json\/wp\/v2\/pages\/53"}],"wp:attachment":[{"href":"https:\/\/vric.com.mx\/index.php\/wp-json\/wp\/v2\/media?parent=168"}],"curies":[{"name":"wp","href":"https:\/\/api.w.org\/{rel}","templated":true}]}}